{"id":18,"date":"2023-12-25T17:47:26","date_gmt":"2023-12-25T17:47:26","guid":{"rendered":"https:\/\/faszienrollen.eu\/blog\/?page_id=18"},"modified":"2025-07-19T17:12:03","modified_gmt":"2025-07-19T17:12:03","slug":"impressum","status":"publish","type":"page","link":"https:\/\/faszienrollen.eu\/blog\/index.php\/impressum\/","title":{"rendered":"Impressum"},"content":{"rendered":"\n<p><strong>WEBBOMB GmbH<br>Zeppelinstra\u00dfe 14-16<br>66953 Pirmasens<br>Deutschland<\/strong><\/p>\n\n\n\n<p>Tel.: 06331-22 57 47<br>Fax: 06331-22 59 43<br>E-Mail: info@webbomb.de<\/p>\n\n\n\n<p>Registergericht: Amtsgericht Zweibr\u00fccken<br>Registernummer: HRB 30604<\/p>\n\n\n\n<p>Gesch\u00e4ftsf\u00fchrer: Micha Schantz<\/p>\n\n\n\n<p>Umsatzsteuer-Identifikationsnummer: DE269846254<\/p>\n\n\n\n<p>Verantwortliche\/r i.S.d. \u00a7 18 Abs. 2 MStV:<\/p>\n\n\n\n<p>WEBBOMB GmbH (Michael Schantz)<br>Zeppelinstra\u00dfe 14-16<br>66953 Pirmasens<\/p>\n\n\n\n<p>Zust\u00e4ndige Aufsichtsbeh\u00f6rde f\u00fcr das Angebot audiovisueller Mediendienste:<\/p>\n\n\n\n<p>Medienanstalt Rheinland-Pfalz<br>Turmstra\u00dfe 10<br>67059 Ludwigshafen<br>Telefon: +49 621 5202-0<br>Telefax: +49 621 5202-152<br>E-Mail: mail@medienanstalt-rlp.de<\/p>\n\n\n\n<p>Wir sind zur Teilnahme an einem Streitbeilegungsverfahren vor einer Verbraucherschlichtungsstelle weder verpflichtet noch bereit.<\/p>\n\n\n\n<p><img decoding=\"async\" src=\"https:\/\/i0.wp.com\/www.fairness-im-handel.de\/wp-content\/uploads\/logo-fairness-90.png?w=830&amp;ssl=1\" alt=\"Initiative: Fairness im Handel\"><\/p>\n\n\n\n<p>Mitglied der Initiative \u201eFairness im Handel\u201c.<br>Informationen zur Initiative:&nbsp;<a href=\"https:\/\/www.fairness-im-handel.de\/\" target=\"_blank\" rel=\"noreferrer noopener\">https:\/\/www.fairness-im-handel.de<\/a><\/p>\n\n\n\n<figure class=\"wp-block-image\"><a href=\"https:\/\/www.it-recht-kanzlei.de\/\"><img decoding=\"async\" src=\"https:\/\/i0.wp.com\/blog.webbomb.de\/wp-content\/uploads\/it_recht.png?resize=268%2C104&amp;ssl=1\" alt=\"\" class=\"wp-image-968\"\/><\/a><\/figure>\n\n\n\n<p><em>letzte Aktualisierung 19.07.2025<\/em><\/p>\n","protected":false},"excerpt":{"rendered":"<p>WEBBOMB GmbHZeppelinstra\u00dfe 14-1666953 PirmasensDeutschland Tel.: 06331-22 57 47Fax: 06331-22 59 43E-Mail: info@webbomb.de Registergericht: Amtsgericht Zweibr\u00fcckenRegisternummer: HRB 30604 Gesch\u00e4ftsf\u00fchrer: Micha Schantz Umsatzsteuer-Identifikationsnummer: DE269846254 Verantwortliche\/r i.S.d. \u00a7 18 Abs. 2 MStV: WEBBOMB GmbH (Michael Schantz)Zeppelinstra\u00dfe 14-1666953 Pirmasens Zust\u00e4ndige Aufsichtsbeh\u00f6rde f\u00fcr das Angebot audiovisueller Mediendienste: Medienanstalt Rheinland-PfalzTurmstra\u00dfe 1067059 LudwigshafenTelefon: +49 621 5202-0Telefax: +49 621 5202-152E-Mail: mail@medienanstalt-rlp.de Wir sind zur Teilnahme an einem Streitbeilegungsverfahren vor einer Verbraucherschlichtungsstelle weder verpflichtet noch bereit. Mitglied der Initiative \u201eFairness im Handel\u201c.Informationen zur Initiative:&nbsp;https:\/\/www.fairness-im-handel.de letzte Aktualisierung 19.07.2025<\/p>\n","protected":false},"author":1,"featured_media":0,"parent":0,"menu_order":0,"comment_status":"closed","ping_status":"closed","template":"","meta":{"footnotes":""},"class_list":["post-18","page","type-page","status-publish","hentry"],"jetpack_sharing_enabled":true,"_links":{"self":[{"href":"https:\/\/faszienrollen.eu\/blog\/index.php\/wp-json\/wp\/v2\/pages\/18","targetHints":{"allow":["GET"]}}],"collection":[{"href":"https:\/\/faszienrollen.eu\/blog\/index.php\/wp-json\/wp\/v2\/pages"}],"about":[{"href":"https:\/\/faszienrollen.eu\/blog\/index.php\/wp-json\/wp\/v2\/types\/page"}],"author":[{"embeddable":true,"href":"https:\/\/faszienrollen.eu\/blog\/index.php\/wp-json\/wp\/v2\/users\/1"}],"replies":[{"embeddable":true,"href":"https:\/\/faszienrollen.eu\/blog\/index.php\/wp-json\/wp\/v2\/comments?post=18"}],"version-history":[{"count":6,"href":"https:\/\/faszienrollen.eu\/blog\/index.php\/wp-json\/wp\/v2\/pages\/18\/revisions"}],"predecessor-version":[{"id":62,"href":"https:\/\/faszienrollen.eu\/blog\/index.php\/wp-json\/wp\/v2\/pages\/18\/revisions\/62"}],"wp:attachment":[{"href":"https:\/\/faszienrollen.eu\/blog\/index.php\/wp-json\/wp\/v2\/media?parent=18"}],"curies":[{"name":"wp","href":"https:\/\/api.w.org\/{rel}","templated":true}]}}